{"id":9,"date":"2022-03-29T09:11:31","date_gmt":"2022-03-29T09:11:31","guid":{"rendered":"https:\/\/yws.pgq.temporary.site\/services-2\/"},"modified":"2024-03-04T14:31:47","modified_gmt":"2024-03-04T18:31:47","slug":"nosotros","status":"publish","type":"page","link":"https:\/\/coivamaritime.com\/en\/nosotros\/","title":{"rendered":"About Us"},"content":{"rendered":"<div class=\"wp-block-stackable-columns alignfull stk-block-columns stk-block stk-460b17c stk-block-background stk--has-background-overlay\" data-block-id=\"460b17c\"><style>.stk-460b17c{background-color:#000000 !important;background-image:url(https:\/\/yws.pgq.temporary.site\/wp-content\/uploads\/2024\/02\/nosotros-pagina.jpg) !important;padding-top:300px !important;padding-bottom:150px !important;margin-bottom:0px !important}.stk-460b17c:before{background-color:#000000 !important;opacity:0.7 !important}@media screen and (max-width:999px){.stk-460b17c{padding-top:250px !important;padding-bottom:100px !important}}<\/style><div class=\"stk-row stk-inner-blocks stk-block-content stk-content-align stk-460b17c-column\">\n<div class=\"wp-block-stackable-column stk-block-column stk-column stk-block stk-d35fecf\" data-v=\"4\" data-block-id=\"d35fecf\"><style>.stk-d35fecf-container{margin-top:0px !important;margin-right:0px !important;margin-bottom:0px !important;margin-left:0px !important}.stk-d35fecf{max-width:900px !important;margin-right:auto !important;margin-left:auto !important}<\/style><div class=\"stk-column-wrapper stk-block-column__content stk-container stk-d35fecf-container stk--no-background stk--no-padding\"><div class=\"stk-block-content stk-inner-blocks stk-d35fecf-inner-blocks\">\n<div class=\"wp-block-stackable-heading stk-block-heading stk-block-heading--v2 stk-block stk-8b0ceb4\" id=\"nosotros\" data-block-id=\"8b0ceb4\"><style>.stk-8b0ceb4 .stk-block-heading__text{font-size:70px !important;color:var(--theme-palette-color-8,#ffffff) !important}@media screen and (max-width:999px){.stk-8b0ceb4 .stk-block-heading__text{font-size:40px !important}}@media screen and (max-width:689px){.stk-8b0ceb4 .stk-block-heading__text{font-size:35px !important}}<\/style><h2 class=\"stk-block-heading__text has-text-color has-palette-color-8-color has-text-align-center\">About Us<\/h2><\/div>\n<\/div><\/div><\/div>\n<\/div><\/div>\n\n\n\n<div class=\"wp-block-stackable-spacer stk-block-spacer stk--no-padding stk-block stk-50927f2\" id=\"house-cleaning\" data-block-id=\"50927f2\"><style>.stk-50927f2{height:45px !important}@media screen and (max-width:999px){.stk-50927f2{height:70px !important}}<\/style><\/div>\n\n\n\n<div class=\"wp-block-stackable-heading stk-block-heading stk-block-heading--v2 stk-block stk-047bd33\" id=\"house-cleaning\" data-block-id=\"047bd33\"><style>.stk-047bd33{margin-bottom:40px !important}@media screen and (max-width:999px){.stk-047bd33 .stk-block-heading__text{font-size:30px !important}}@media screen and (max-width:689px){.stk-047bd33 .stk-block-heading__text{font-size:25px !important}}<\/style><h2 class=\"stk-block-heading__text has-text-align-center\">Co\u00edva Maritime Service C.A.<\/h2><\/div>\n\n\n\n<p>It is a company dedicated to the provision of maritime services, with permission as a Shipping Agency granted by the National Institute of Aquatic Spaces (INEA \u2013 Venezuela) on November 22, 2018.  <strong>Shipping Agency Registration N\u00b0 ANAV-1160<\/strong><\/p>\n\n\n\n<div class=\"wp-block-stackable-image aligncenter stk-block-image stk-block stk-7c636d9\" data-block-id=\"7c636d9\"><figure><span class=\"stk-img-wrapper stk-image--shape-stretch\"><img loading=\"lazy\" decoding=\"async\" class=\"stk-img wp-image-1991\" src=\"https:\/\/yws.pgq.temporary.site\/wp-content\/uploads\/2024\/02\/nosotros.jpg\" width=\"1024\" height=\"260\" alt=\"Buque en medio del mar\" srcset=\"https:\/\/coivamaritime.com\/wp-content\/uploads\/2024\/02\/nosotros.jpg 1024w, https:\/\/coivamaritime.com\/wp-content\/uploads\/2024\/02\/nosotros-300x76.jpg 300w, https:\/\/coivamaritime.com\/wp-content\/uploads\/2024\/02\/nosotros-768x195.jpg 768w\" sizes=\"auto, (max-width: 1024px) 100vw, 1024px\" \/><\/span><\/figure><\/div>\n\n\n\n<p>Having the services of Co\u00edva Maritime offers a series of significant benefits for companies that operate in the maritime field for Seafarers. Some of these benefits include:<\/p>\n\n\n\n<p><strong>Experience and specialized knowledge:<\/strong> We have highly trained personnel with experience in the maritime industry, which allows us to offer expert advice on a wide range of topics related to maritime transport, customs, regulations, and logistics.<\/p>\n\n\n\n<p><strong>Efficient management of procedures and documentation:<\/strong> We take care of the management of all <a href=\"https:\/\/yws.pgq.temporary.site\/gestion-de-documentacion-maritima\/\" title=\"Maritime Documentation Management\">procedures and documentation<\/a> necessary for maritime transportation, including the preparation of shipping documents, the coordination of reception and dispatch of vessels, the processing of permits and certifications for the vessel and for seafarers.<\/p>\n\n\n\n<p><strong>Cost and time optimization:<\/strong> By having the necessary knowledge and experience, at Co\u00edva Maritime Service we can help our clients optimize their operations, identifying more efficient routes, minimizing cargo storage and handling costs, and reducing transit times.<\/p>\n\n\n\n<p><strong>Access to a network of contacts and resources:<\/strong> At Co\u00edva Maritime Service we have a wide network of contacts in the maritime and port industry, which allows us to offer our clients access to a variety of services and resources.<\/p>\n\n\n\n<p><strong>Risk and contingency management:<\/strong> We help our clients manage and mitigate the risks associated with <a href=\"https:\/\/es.wikipedia.org\/wiki\/Transporte_mar%C3%ADtimo\" title=\"Transporte Mar\u00edtimo \">marine transport<\/a>, including operational, financial, legal, and security risks, as well as preparing to face contingencies such as delays in sailing and arrival of the ship at the destination port.<\/p>\n\n\n\n<p>In summary, having the services of Co\u00edva Maritime provides shipping companies with a series of competitive advantages, allowing them to optimize their operations, reduce costs, mitigate risks and guarantee efficiency and safety in the transportation of their goods by sea.<\/p>","protected":false},"excerpt":{"rendered":"<p>Nosotros Co\u00edva Maritime Service C.A. Es una empresa dedicada a la prestaci\u00f3n de servicios mar\u00edtimos, con permiso como Agencia Naviera otorgado por el Instituto Nacional de los Espacios Acu\u00e1ticos (INEA &#8211; Venezuela) el 22 de noviembre de 2018. Registro de Agencia Naviera N\u00b0 ANAV-1160 Contar con los servicios de Co\u00edva Maritime ofrece una serie de [&hellip;]<\/p>","protected":false},"author":2,"featured_media":0,"parent":0,"menu_order":0,"comment_status":"closed","ping_status":"closed","template":"","meta":{"_uag_custom_page_level_css":"","_joinchat":[],"footnotes":""},"class_list":["post-9","page","type-page","status-publish","hentry"],"blocksy_meta":{"styles_descriptor":{"styles":{"desktop":"","tablet":"","mobile":""},"google_fonts":[],"version":6},"page_title_panel":"","has_hero_section":"disabled","0fa4e1218e27d8aed3052443ada80200":"","hero_section":"type-1","hero_elements":[{"id":"custom_title","enabled":true,"heading_tag":"h1","title":"Home"},{"id":"custom_description","enabled":true,"description_visibility":{"desktop":true,"tablet":true,"mobile":false}},{"id":"custom_meta","enabled":false,"meta_elements":[{"id":"author","enabled":true,"label":"By","has_author_avatar":"yes","avatar_size":25},{"id":"post_date","enabled":true,"label":"On","date_format_source":"default","date_format":"M j, Y"},{"id":"updated_date","enabled":false,"label":"On","date_format_source":"default","date_format":"M j, Y"},{"id":"categories","enabled":false,"label":"In","style":"simple"},{"id":"comments","enabled":true}],"page_meta_elements":{"joined":true,"articles_count":true,"comments":true}},{"id":"breadcrumbs","enabled":false}],"51521a7c38c1c996c14247898d9d7fe3":"","hero_alignment1":"CT_CSS_SKIP_RULE","hero_margin":40,"hero_alignment2":"center","hero_vertical_alignment":"center","2bc015fafc2dc870d98702bdd932f751":"","hero_structure":"narrow","e25e8d2af42f9ebf88781ccc5b61ace6":"","page_title_bg_type":"featured_image","custom_hero_background":{"attachment_id":null},"page_title_image_size":"full","parallax":{"desktop":false,"tablet":false,"mobile":false},"fea6f59d367d128f8611865e0768a444":"","hero_height":"250px","pageTitleFont":{"family":"Default","variation":"Default","size":"30px","line-height":"CT_CSS_SKIP_RULE","letter-spacing":"CT_CSS_SKIP_RULE","text-transform":"CT_CSS_SKIP_RULE","text-decoration":"CT_CSS_SKIP_RULE"},"pageTitleFontColor":{"default":{"color":"CT_CSS_SKIP_RULEDEFAULT"}},"pageMetaFont":{"family":"Default","variation":"n6","size":"12px","line-height":"1.3","letter-spacing":"CT_CSS_SKIP_RULE","text-transform":"uppercase","text-decoration":"CT_CSS_SKIP_RULE"},"pageMetaFontColor":{"default":{"color":"CT_CSS_SKIP_RULEDEFAULT"},"hover":{"color":"CT_CSS_SKIP_RULEDEFAULT"}},"page_meta_button_type_font_colors":{"default":{"color":"CT_CSS_SKIP_RULEDEFAULT"},"hover":{"color":"CT_CSS_SKIP_RULEDEFAULT"}},"page_meta_button_type_background_colors":{"default":{"color":"CT_CSS_SKIP_RULEDEFAULT"},"hover":{"color":"CT_CSS_SKIP_RULEDEFAULT"}},"pageExcerptFont":{"family":"Default","variation":"Default","size":"CT_CSS_SKIP_RULE","line-height":"CT_CSS_SKIP_RULE","letter-spacing":"CT_CSS_SKIP_RULE","text-transform":"CT_CSS_SKIP_RULE","text-decoration":"CT_CSS_SKIP_RULE"},"pageExcerptColor":{"default":{"color":"CT_CSS_SKIP_RULEDEFAULT"}},"breadcrumbsFont":{"family":"Default","variation":"Default","size":"CT_CSS_SKIP_RULE","line-height":"CT_CSS_SKIP_RULE","letter-spacing":"CT_CSS_SKIP_RULE","text-transform":"CT_CSS_SKIP_RULE","text-decoration":"CT_CSS_SKIP_RULE"},"breadcrumbsFontColor":{"default":{"color":"CT_CSS_SKIP_RULEDEFAULT"},"initial":{"color":"CT_CSS_SKIP_RULEDEFAULT"},"hover":{"color":"CT_CSS_SKIP_RULEDEFAULT"}},"pageTitleOverlay":{"background_type":"color","background_pattern":"type-1","background_image":{"attachment_id":null,"x":0,"y":0},"gradient":"linear-gradient(135deg,rgba(6,147,227,1) 0%,rgb(155,81,224) 100%)","background_repeat":"repeat","background_size":"auto","background_attachment":"scroll","patternColor":{"default":{"color":"#e5e7ea"}},"overlayColor":{"default":{"color":"CT_CSS_SKIP_RULE"}},"backgroundColor":{"default":{"color":"CT_CSS_SKIP_RULE"}}},"pageTitleBackground":{"background_type":"color","background_pattern":"type-1","background_image":{"attachment_id":null,"x":0,"y":0},"gradient":"linear-gradient(135deg,rgba(6,147,227,1) 0%,rgb(155,81,224) 100%)","background_repeat":"repeat","background_size":"auto","background_attachment":"scroll","patternColor":{"default":{"color":"#e5e7ea"}},"overlayColor":{"default":{"color":"CT_CSS_SKIP_RULE"}},"backgroundColor":{"default":{"color":"var(--theme-palette-color-6)"}}},"pageTitlePadding":{"top":"50px","bottom":"50px","left":"auto","right":"auto","linked":true},"73f4114907b24beb8ed5f708747f2d9f":"","page_structure_type":"default","b626774914cf01377c8f1592e57d3895":"","content_style_source":"inherit","content_style":"wide","vertical_spacing_source":"custom","content_area_spacing":"none","background":{"background_type":"color","background_pattern":"type-1","background_image":{"attachment_id":null,"x":0,"y":0},"gradient":"linear-gradient(135deg,rgba(6,147,227,1) 0%,rgb(155,81,224) 100%)","background_repeat":"repeat","background_size":"auto","background_attachment":"scroll","patternColor":{"default":{"color":"#e5e7ea"}},"overlayColor":{"default":{"color":"CT_CSS_SKIP_RULE"}},"backgroundColor":{"default":{"color":"CT_CSS_SKIP_RULE"}}},"content_background":{"background_type":"color","background_pattern":"type-1","background_image":{"attachment_id":null,"x":0,"y":0},"gradient":"linear-gradient(135deg,rgba(6,147,227,1) 0%,rgb(155,81,224) 100%)","background_repeat":"repeat","background_size":"auto","background_attachment":"scroll","patternColor":{"default":{"color":"#e5e7ea"}},"overlayColor":{"default":{"color":"CT_CSS_SKIP_RULE"}},"backgroundColor":{"default":{"color":"var(--theme-palette-color-8)"}}},"content_boxed_shadow":{"inherit":false,"blur":18,"spread":-6,"v_offset":12,"h_offset":0,"inset":false,"enable":true,"color":{"color":"rgba(34, 56, 101, 0.04)"}},"boxed_content_spacing":{"desktop":{"top":"40px","bottom":"40px","left":"40px","right":"40px","linked":true},"tablet":{"top":"35px","bottom":"35px","left":"35px","right":"35px","linked":true},"mobile":{"top":"20px","bottom":"20px","left":"20px","right":"20px","linked":true}},"content_boxed_radius":{"top":"3px","bottom":"3px","left":"3px","right":"3px","linked":true},"8f26b7b44db953546fa2eb5d5286d9e0":"","disable_featured_image":"no","disable_share_box":"no","disable_header":"no","disable_footer":"no"},"aioseo_notices":[],"yoast_head":"<!-- This site is optimized with the Yoast SEO plugin v26.9 - https:\/\/yoast.com\/product\/yoast-seo-wordpress\/ -->\n<title>Nosotros - Co\u00edva Maritime Service<\/title>\n<meta name=\"robots\" content=\"index, follow, max-snippet:-1, max-image-preview:large, max-video-preview:-1\" \/>\n<link rel=\"canonical\" href=\"https:\/\/www.coivamaritime.com\/nosotros\/\" \/>\n<meta property=\"og:locale\" content=\"en_US\" \/>\n<meta property=\"og:type\" content=\"article\" \/>\n<meta property=\"og:title\" content=\"Nosotros - Co\u00edva Maritime Service\" \/>\n<meta property=\"og:description\" content=\"Nosotros Co\u00edva Maritime Service C.A. Es una empresa dedicada a la prestaci\u00f3n de servicios mar\u00edtimos, con permiso como Agencia Naviera otorgado por el Instituto Nacional de los Espacios Acu\u00e1ticos (INEA &#8211; Venezuela) el 22 de noviembre de 2018. Registro de Agencia Naviera N\u00b0 ANAV-1160 Contar con los servicios de Co\u00edva Maritime ofrece una serie de [&hellip;]\" \/>\n<meta property=\"og:url\" content=\"https:\/\/www.coivamaritime.com\/nosotros\/\" \/>\n<meta property=\"og:site_name\" content=\"Co\u00edva Maritime Service\" \/>\n<meta property=\"article:modified_time\" content=\"2024-03-04T18:31:47+00:00\" \/>\n<meta property=\"og:image\" content=\"https:\/\/yws.pgq.temporary.site\/wp-content\/uploads\/2024\/02\/nosotros.jpg\" \/>\n<meta name=\"twitter:card\" content=\"summary_large_image\" \/>\n<meta name=\"twitter:label1\" content=\"Est. reading time\" \/>\n\t<meta name=\"twitter:data1\" content=\"2 minutes\" \/>\n<script type=\"application\/ld+json\" class=\"yoast-schema-graph\">{\"@context\":\"https:\/\/schema.org\",\"@graph\":[{\"@type\":\"WebPage\",\"@id\":\"https:\/\/www.coivamaritime.com\/nosotros\/\",\"url\":\"https:\/\/www.coivamaritime.com\/nosotros\/\",\"name\":\"Nosotros - Co\u00edva Maritime Service\",\"isPartOf\":{\"@id\":\"https:\/\/www.coivamaritime.com\/#website\"},\"primaryImageOfPage\":{\"@id\":\"https:\/\/www.coivamaritime.com\/nosotros\/#primaryimage\"},\"image\":{\"@id\":\"https:\/\/www.coivamaritime.com\/nosotros\/#primaryimage\"},\"thumbnailUrl\":\"https:\/\/yws.pgq.temporary.site\/wp-content\/uploads\/2024\/02\/nosotros.jpg\",\"datePublished\":\"2022-03-29T09:11:31+00:00\",\"dateModified\":\"2024-03-04T18:31:47+00:00\",\"breadcrumb\":{\"@id\":\"https:\/\/www.coivamaritime.com\/nosotros\/#breadcrumb\"},\"inLanguage\":\"en-US\",\"potentialAction\":[{\"@type\":\"ReadAction\",\"target\":[\"https:\/\/www.coivamaritime.com\/nosotros\/\"]}]},{\"@type\":\"ImageObject\",\"inLanguage\":\"en-US\",\"@id\":\"https:\/\/www.coivamaritime.com\/nosotros\/#primaryimage\",\"url\":\"https:\/\/yws.pgq.temporary.site\/wp-content\/uploads\/2024\/02\/nosotros.jpg\",\"contentUrl\":\"https:\/\/yws.pgq.temporary.site\/wp-content\/uploads\/2024\/02\/nosotros.jpg\"},{\"@type\":\"BreadcrumbList\",\"@id\":\"https:\/\/www.coivamaritime.com\/nosotros\/#breadcrumb\",\"itemListElement\":[{\"@type\":\"ListItem\",\"position\":1,\"name\":\"Portada\",\"item\":\"https:\/\/www.coivamaritime.com\/\"},{\"@type\":\"ListItem\",\"position\":2,\"name\":\"Nosotros\"}]},{\"@type\":\"WebSite\",\"@id\":\"https:\/\/www.coivamaritime.com\/#website\",\"url\":\"https:\/\/www.coivamaritime.com\/\",\"name\":\"Co\u00edva Maritime Service\",\"description\":\"Empresa Tramitadora de Documentaci\u00f3n T\u00e9cnica para Gente de Mar\",\"publisher\":{\"@id\":\"https:\/\/www.coivamaritime.com\/#organization\"},\"potentialAction\":[{\"@type\":\"SearchAction\",\"target\":{\"@type\":\"EntryPoint\",\"urlTemplate\":\"https:\/\/www.coivamaritime.com\/?s={search_term_string}\"},\"query-input\":{\"@type\":\"PropertyValueSpecification\",\"valueRequired\":true,\"valueName\":\"search_term_string\"}}],\"inLanguage\":\"en-US\"},{\"@type\":\"Organization\",\"@id\":\"https:\/\/www.coivamaritime.com\/#organization\",\"name\":\"Co\u00edva Maritime Service\",\"url\":\"https:\/\/www.coivamaritime.com\/\",\"logo\":{\"@type\":\"ImageObject\",\"inLanguage\":\"en-US\",\"@id\":\"https:\/\/www.coivamaritime.com\/#\/schema\/logo\/image\/\",\"url\":\"https:\/\/coivamaritime.com\/wp-content\/uploads\/2024\/02\/logo-coiva.png\",\"contentUrl\":\"https:\/\/coivamaritime.com\/wp-content\/uploads\/2024\/02\/logo-coiva.png\",\"width\":659,\"height\":241,\"caption\":\"Co\u00edva Maritime Service\"},\"image\":{\"@id\":\"https:\/\/www.coivamaritime.com\/#\/schema\/logo\/image\/\"}}]}<\/script>\n<!-- \/ Yoast SEO plugin. -->","yoast_head_json":{"title":"Nosotros - Co\u00edva Maritime Service","robots":{"index":"index","follow":"follow","max-snippet":"max-snippet:-1","max-image-preview":"max-image-preview:large","max-video-preview":"max-video-preview:-1"},"canonical":"https:\/\/www.coivamaritime.com\/nosotros\/","og_locale":"en_US","og_type":"article","og_title":"Nosotros - Co\u00edva Maritime Service","og_description":"Nosotros Co\u00edva Maritime Service C.A. Es una empresa dedicada a la prestaci\u00f3n de servicios mar\u00edtimos, con permiso como Agencia Naviera otorgado por el Instituto Nacional de los Espacios Acu\u00e1ticos (INEA &#8211; Venezuela) el 22 de noviembre de 2018. Registro de Agencia Naviera N\u00b0 ANAV-1160 Contar con los servicios de Co\u00edva Maritime ofrece una serie de [&hellip;]","og_url":"https:\/\/www.coivamaritime.com\/nosotros\/","og_site_name":"Co\u00edva Maritime Service","article_modified_time":"2024-03-04T18:31:47+00:00","og_image":[{"url":"https:\/\/yws.pgq.temporary.site\/wp-content\/uploads\/2024\/02\/nosotros.jpg","type":"","width":"","height":""}],"twitter_card":"summary_large_image","twitter_misc":{"Est. reading time":"2 minutes"},"schema":{"@context":"https:\/\/schema.org","@graph":[{"@type":"WebPage","@id":"https:\/\/www.coivamaritime.com\/nosotros\/","url":"https:\/\/www.coivamaritime.com\/nosotros\/","name":"Nosotros - Co\u00edva Maritime Service","isPartOf":{"@id":"https:\/\/www.coivamaritime.com\/#website"},"primaryImageOfPage":{"@id":"https:\/\/www.coivamaritime.com\/nosotros\/#primaryimage"},"image":{"@id":"https:\/\/www.coivamaritime.com\/nosotros\/#primaryimage"},"thumbnailUrl":"https:\/\/yws.pgq.temporary.site\/wp-content\/uploads\/2024\/02\/nosotros.jpg","datePublished":"2022-03-29T09:11:31+00:00","dateModified":"2024-03-04T18:31:47+00:00","breadcrumb":{"@id":"https:\/\/www.coivamaritime.com\/nosotros\/#breadcrumb"},"inLanguage":"en-US","potentialAction":[{"@type":"ReadAction","target":["https:\/\/www.coivamaritime.com\/nosotros\/"]}]},{"@type":"ImageObject","inLanguage":"en-US","@id":"https:\/\/www.coivamaritime.com\/nosotros\/#primaryimage","url":"https:\/\/yws.pgq.temporary.site\/wp-content\/uploads\/2024\/02\/nosotros.jpg","contentUrl":"https:\/\/yws.pgq.temporary.site\/wp-content\/uploads\/2024\/02\/nosotros.jpg"},{"@type":"BreadcrumbList","@id":"https:\/\/www.coivamaritime.com\/nosotros\/#breadcrumb","itemListElement":[{"@type":"ListItem","position":1,"name":"Portada","item":"https:\/\/www.coivamaritime.com\/"},{"@type":"ListItem","position":2,"name":"Nosotros"}]},{"@type":"WebSite","@id":"https:\/\/www.coivamaritime.com\/#website","url":"https:\/\/www.coivamaritime.com\/","name":"Co\u00edva Maritime Service","description":"Empresa Tramitadora de Documentaci\u00f3n T\u00e9cnica para Gente de Mar","publisher":{"@id":"https:\/\/www.coivamaritime.com\/#organization"},"potentialAction":[{"@type":"SearchAction","target":{"@type":"EntryPoint","urlTemplate":"https:\/\/www.coivamaritime.com\/?s={search_term_string}"},"query-input":{"@type":"PropertyValueSpecification","valueRequired":true,"valueName":"search_term_string"}}],"inLanguage":"en-US"},{"@type":"Organization","@id":"https:\/\/www.coivamaritime.com\/#organization","name":"Co\u00edva Maritime Service","url":"https:\/\/www.coivamaritime.com\/","logo":{"@type":"ImageObject","inLanguage":"en-US","@id":"https:\/\/www.coivamaritime.com\/#\/schema\/logo\/image\/","url":"https:\/\/coivamaritime.com\/wp-content\/uploads\/2024\/02\/logo-coiva.png","contentUrl":"https:\/\/coivamaritime.com\/wp-content\/uploads\/2024\/02\/logo-coiva.png","width":659,"height":241,"caption":"Co\u00edva Maritime Service"},"image":{"@id":"https:\/\/www.coivamaritime.com\/#\/schema\/logo\/image\/"}}]}},"uagb_featured_image_src":{"full":false,"thumbnail":false,"medium":false,"medium_large":false,"large":false,"1536x1536":false,"2048x2048":false,"trp-custom-language-flag":false},"uagb_author_info":{"display_name":"Norman Rodr\u00edguez","author_link":"https:\/\/coivamaritime.com\/en\/author\/norman\/"},"uagb_comment_info":0,"uagb_excerpt":"Nosotros Co\u00edva Maritime Service C.A. Es una empresa dedicada a la prestaci\u00f3n de servicios mar\u00edtimos, con permiso como Agencia Naviera otorgado por el Instituto Nacional de los Espacios Acu\u00e1ticos (INEA &#8211; Venezuela) el 22 de noviembre de 2018. Registro de Agencia Naviera N\u00b0 ANAV-1160 Contar con los servicios de Co\u00edva Maritime ofrece una serie de&hellip;","_links":{"self":[{"href":"https:\/\/coivamaritime.com\/en\/wp-json\/wp\/v2\/pages\/9","targetHints":{"allow":["GET"]}}],"collection":[{"href":"https:\/\/coivamaritime.com\/en\/wp-json\/wp\/v2\/pages"}],"about":[{"href":"https:\/\/coivamaritime.com\/en\/wp-json\/wp\/v2\/types\/page"}],"author":[{"embeddable":true,"href":"https:\/\/coivamaritime.com\/en\/wp-json\/wp\/v2\/users\/2"}],"replies":[{"embeddable":true,"href":"https:\/\/coivamaritime.com\/en\/wp-json\/wp\/v2\/comments?post=9"}],"version-history":[{"count":17,"href":"https:\/\/coivamaritime.com\/en\/wp-json\/wp\/v2\/pages\/9\/revisions"}],"predecessor-version":[{"id":2276,"href":"https:\/\/coivamaritime.com\/en\/wp-json\/wp\/v2\/pages\/9\/revisions\/2276"}],"wp:attachment":[{"href":"https:\/\/coivamaritime.com\/en\/wp-json\/wp\/v2\/media?parent=9"}],"curies":[{"name":"wp","href":"https:\/\/api.w.org\/{rel}","templated":true}]}}