{"id":1918,"date":"2024-02-07T10:05:37","date_gmt":"2024-02-07T14:05:37","guid":{"rendered":"https:\/\/yws.pgq.temporary.site\/?page_id=1918"},"modified":"2024-03-04T14:44:11","modified_gmt":"2024-03-04T18:44:11","slug":"manning","status":"publish","type":"page","link":"https:\/\/coivamaritime.com\/en\/manning\/","title":{"rendered":"Manning"},"content":{"rendered":"<p>The <strong>manning service<\/strong> Co\u00edva Maritime Service offers to provide qualified and trained maritime personnel to crew our clients' vessels anywhere in the world. In our manning service we are in charge of recruiting, selecting, hiring and managing the <a href=\"https:\/\/es.wikipedia.org\/wiki\/Tripulaci%C3%B3n_(barcos)\" title=\"Tripulaci\u00f3n \">crew<\/a> necessary to operate vessels efficiently and safely.<\/p>\n\n\n\n<div class=\"wp-block-uagb-image aligncenter uagb-block-5358293f wp-block-uagb-image--layout-default wp-block-uagb-image--effect-static wp-block-uagb-image--align-center\"><figure class=\"wp-block-uagb-image__figure\"><img decoding=\"async\" srcset=\"https:\/\/yws.pgq.temporary.site\/wp-content\/uploads\/2024\/02\/manning-servicio.jpg ,https:\/\/yws.pgq.temporary.site\/wp-content\/uploads\/2024\/02\/manning-servicio.jpg 780w, https:\/\/yws.pgq.temporary.site\/wp-content\/uploads\/2024\/02\/manning-servicio.jpg 360w\" sizes=\"auto, (max-width: 480px) 150px\" src=\"https:\/\/yws.pgq.temporary.site\/wp-content\/uploads\/2024\/02\/manning-servicio.jpg\" alt=\"Hombre tripulacion de un barco\" class=\"uag-image-2153\" width=\"1248\" height=\"289\" title=\"\" loading=\"lazy\"\/><\/figure><\/div>\n\n\n\n<p>This service covers all categories of onboard personnel, deck crew, engine crew, and support personnel. At Co\u00edva Maritime Service we guarantee that the crew meets all legal and certification requirements according to the STCW, OMI, and CTM convention, as well as providing training and continuous professional development.<\/p>\n\n\n\n<p>Our manning service offers several benefits to shipowners, including reducing operational costs by outsourcing crew recruitment management, access to an extensive database of qualified maritime professionals, and ensuring regulatory and safety compliance. <\/p>\n\n\n\n<p>Co\u00edva Maritime Service's manning service is essential to ensure that vessels have a competent and well-trained crew to operate effectively at sea, thus contributing to the success and safety of maritime operations. <\/p>\n\n\n\n<p><\/p>","protected":false},"excerpt":{"rendered":"<p>El servicio de manning de Co\u00edva Maritime Service ofrece a la provisi\u00f3n de personal mar\u00edtimo calificado y capacitado para tripular los buques de nuestros clientes en cualquier parte del mundo. En nuestro servicio de manning nos encargamos de reclutar, seleccionar, contratar y administrar la tripulaci\u00f3n necesaria para operar los buques de manera eficiente y segura. [&hellip;]<\/p>","protected":false},"author":2,"featured_media":0,"parent":0,"menu_order":0,"comment_status":"closed","ping_status":"closed","template":"","meta":{"_uag_custom_page_level_css":"","_joinchat":[],"footnotes":""},"class_list":["post-1918","page","type-page","status-publish","hentry"],"blocksy_meta":[],"aioseo_notices":[],"yoast_head":"<!-- This site is optimized with the Yoast SEO plugin v26.9 - https:\/\/yoast.com\/product\/yoast-seo-wordpress\/ -->\n<title>Manning - Co\u00edva Maritime Service<\/title>\n<meta name=\"robots\" content=\"index, follow, max-snippet:-1, max-image-preview:large, max-video-preview:-1\" \/>\n<link rel=\"canonical\" href=\"https:\/\/www.coivamaritime.com\/manning\/\" \/>\n<meta property=\"og:locale\" content=\"en_US\" \/>\n<meta property=\"og:type\" content=\"article\" \/>\n<meta property=\"og:title\" content=\"Manning - Co\u00edva Maritime Service\" \/>\n<meta property=\"og:description\" content=\"El servicio de manning de Co\u00edva Maritime Service ofrece a la provisi\u00f3n de personal mar\u00edtimo calificado y capacitado para tripular los buques de nuestros clientes en cualquier parte del mundo. En nuestro servicio de manning nos encargamos de reclutar, seleccionar, contratar y administrar la tripulaci\u00f3n necesaria para operar los buques de manera eficiente y segura. [&hellip;]\" \/>\n<meta property=\"og:url\" content=\"https:\/\/www.coivamaritime.com\/manning\/\" \/>\n<meta property=\"og:site_name\" content=\"Co\u00edva Maritime Service\" \/>\n<meta property=\"article:modified_time\" content=\"2024-03-04T18:44:11+00:00\" \/>\n<meta property=\"og:image\" content=\"https:\/\/yws.pgq.temporary.site\/wp-content\/uploads\/2024\/02\/manning-servicio.jpg\" \/>\n<meta name=\"twitter:card\" content=\"summary_large_image\" \/>\n<meta name=\"twitter:label1\" content=\"Est. reading time\" \/>\n\t<meta name=\"twitter:data1\" content=\"1 minute\" \/>\n<script type=\"application\/ld+json\" class=\"yoast-schema-graph\">{\"@context\":\"https:\/\/schema.org\",\"@graph\":[{\"@type\":\"WebPage\",\"@id\":\"https:\/\/www.coivamaritime.com\/manning\/\",\"url\":\"https:\/\/www.coivamaritime.com\/manning\/\",\"name\":\"Manning - Co\u00edva Maritime Service\",\"isPartOf\":{\"@id\":\"https:\/\/www.coivamaritime.com\/#website\"},\"primaryImageOfPage\":{\"@id\":\"https:\/\/www.coivamaritime.com\/manning\/#primaryimage\"},\"image\":{\"@id\":\"https:\/\/www.coivamaritime.com\/manning\/#primaryimage\"},\"thumbnailUrl\":\"https:\/\/yws.pgq.temporary.site\/wp-content\/uploads\/2024\/02\/manning-servicio.jpg\",\"datePublished\":\"2024-02-07T14:05:37+00:00\",\"dateModified\":\"2024-03-04T18:44:11+00:00\",\"breadcrumb\":{\"@id\":\"https:\/\/www.coivamaritime.com\/manning\/#breadcrumb\"},\"inLanguage\":\"en-US\",\"potentialAction\":[{\"@type\":\"ReadAction\",\"target\":[\"https:\/\/www.coivamaritime.com\/manning\/\"]}]},{\"@type\":\"ImageObject\",\"inLanguage\":\"en-US\",\"@id\":\"https:\/\/www.coivamaritime.com\/manning\/#primaryimage\",\"url\":\"https:\/\/yws.pgq.temporary.site\/wp-content\/uploads\/2024\/02\/manning-servicio.jpg\",\"contentUrl\":\"https:\/\/yws.pgq.temporary.site\/wp-content\/uploads\/2024\/02\/manning-servicio.jpg\"},{\"@type\":\"BreadcrumbList\",\"@id\":\"https:\/\/www.coivamaritime.com\/manning\/#breadcrumb\",\"itemListElement\":[{\"@type\":\"ListItem\",\"position\":1,\"name\":\"Portada\",\"item\":\"https:\/\/www.coivamaritime.com\/\"},{\"@type\":\"ListItem\",\"position\":2,\"name\":\"Manning\"}]},{\"@type\":\"WebSite\",\"@id\":\"https:\/\/www.coivamaritime.com\/#website\",\"url\":\"https:\/\/www.coivamaritime.com\/\",\"name\":\"Co\u00edva Maritime Service\",\"description\":\"Empresa Tramitadora de Documentaci\u00f3n T\u00e9cnica para Gente de Mar\",\"publisher\":{\"@id\":\"https:\/\/www.coivamaritime.com\/#organization\"},\"potentialAction\":[{\"@type\":\"SearchAction\",\"target\":{\"@type\":\"EntryPoint\",\"urlTemplate\":\"https:\/\/www.coivamaritime.com\/?s={search_term_string}\"},\"query-input\":{\"@type\":\"PropertyValueSpecification\",\"valueRequired\":true,\"valueName\":\"search_term_string\"}}],\"inLanguage\":\"en-US\"},{\"@type\":\"Organization\",\"@id\":\"https:\/\/www.coivamaritime.com\/#organization\",\"name\":\"Co\u00edva Maritime Service\",\"url\":\"https:\/\/www.coivamaritime.com\/\",\"logo\":{\"@type\":\"ImageObject\",\"inLanguage\":\"en-US\",\"@id\":\"https:\/\/www.coivamaritime.com\/#\/schema\/logo\/image\/\",\"url\":\"https:\/\/coivamaritime.com\/wp-content\/uploads\/2024\/02\/logo-coiva.png\",\"contentUrl\":\"https:\/\/coivamaritime.com\/wp-content\/uploads\/2024\/02\/logo-coiva.png\",\"width\":659,\"height\":241,\"caption\":\"Co\u00edva Maritime Service\"},\"image\":{\"@id\":\"https:\/\/www.coivamaritime.com\/#\/schema\/logo\/image\/\"}}]}<\/script>\n<!-- \/ Yoast SEO plugin. -->","yoast_head_json":{"title":"Manning - Co\u00edva Maritime Service","robots":{"index":"index","follow":"follow","max-snippet":"max-snippet:-1","max-image-preview":"max-image-preview:large","max-video-preview":"max-video-preview:-1"},"canonical":"https:\/\/www.coivamaritime.com\/manning\/","og_locale":"en_US","og_type":"article","og_title":"Manning - Co\u00edva Maritime Service","og_description":"El servicio de manning de Co\u00edva Maritime Service ofrece a la provisi\u00f3n de personal mar\u00edtimo calificado y capacitado para tripular los buques de nuestros clientes en cualquier parte del mundo. En nuestro servicio de manning nos encargamos de reclutar, seleccionar, contratar y administrar la tripulaci\u00f3n necesaria para operar los buques de manera eficiente y segura. [&hellip;]","og_url":"https:\/\/www.coivamaritime.com\/manning\/","og_site_name":"Co\u00edva Maritime Service","article_modified_time":"2024-03-04T18:44:11+00:00","og_image":[{"url":"https:\/\/yws.pgq.temporary.site\/wp-content\/uploads\/2024\/02\/manning-servicio.jpg","type":"","width":"","height":""}],"twitter_card":"summary_large_image","twitter_misc":{"Est. reading time":"1 minute"},"schema":{"@context":"https:\/\/schema.org","@graph":[{"@type":"WebPage","@id":"https:\/\/www.coivamaritime.com\/manning\/","url":"https:\/\/www.coivamaritime.com\/manning\/","name":"Manning - Co\u00edva Maritime Service","isPartOf":{"@id":"https:\/\/www.coivamaritime.com\/#website"},"primaryImageOfPage":{"@id":"https:\/\/www.coivamaritime.com\/manning\/#primaryimage"},"image":{"@id":"https:\/\/www.coivamaritime.com\/manning\/#primaryimage"},"thumbnailUrl":"https:\/\/yws.pgq.temporary.site\/wp-content\/uploads\/2024\/02\/manning-servicio.jpg","datePublished":"2024-02-07T14:05:37+00:00","dateModified":"2024-03-04T18:44:11+00:00","breadcrumb":{"@id":"https:\/\/www.coivamaritime.com\/manning\/#breadcrumb"},"inLanguage":"en-US","potentialAction":[{"@type":"ReadAction","target":["https:\/\/www.coivamaritime.com\/manning\/"]}]},{"@type":"ImageObject","inLanguage":"en-US","@id":"https:\/\/www.coivamaritime.com\/manning\/#primaryimage","url":"https:\/\/yws.pgq.temporary.site\/wp-content\/uploads\/2024\/02\/manning-servicio.jpg","contentUrl":"https:\/\/yws.pgq.temporary.site\/wp-content\/uploads\/2024\/02\/manning-servicio.jpg"},{"@type":"BreadcrumbList","@id":"https:\/\/www.coivamaritime.com\/manning\/#breadcrumb","itemListElement":[{"@type":"ListItem","position":1,"name":"Portada","item":"https:\/\/www.coivamaritime.com\/"},{"@type":"ListItem","position":2,"name":"Manning"}]},{"@type":"WebSite","@id":"https:\/\/www.coivamaritime.com\/#website","url":"https:\/\/www.coivamaritime.com\/","name":"Co\u00edva Maritime Service","description":"Empresa Tramitadora de Documentaci\u00f3n T\u00e9cnica para Gente de Mar","publisher":{"@id":"https:\/\/www.coivamaritime.com\/#organization"},"potentialAction":[{"@type":"SearchAction","target":{"@type":"EntryPoint","urlTemplate":"https:\/\/www.coivamaritime.com\/?s={search_term_string}"},"query-input":{"@type":"PropertyValueSpecification","valueRequired":true,"valueName":"search_term_string"}}],"inLanguage":"en-US"},{"@type":"Organization","@id":"https:\/\/www.coivamaritime.com\/#organization","name":"Co\u00edva Maritime Service","url":"https:\/\/www.coivamaritime.com\/","logo":{"@type":"ImageObject","inLanguage":"en-US","@id":"https:\/\/www.coivamaritime.com\/#\/schema\/logo\/image\/","url":"https:\/\/coivamaritime.com\/wp-content\/uploads\/2024\/02\/logo-coiva.png","contentUrl":"https:\/\/coivamaritime.com\/wp-content\/uploads\/2024\/02\/logo-coiva.png","width":659,"height":241,"caption":"Co\u00edva Maritime Service"},"image":{"@id":"https:\/\/www.coivamaritime.com\/#\/schema\/logo\/image\/"}}]}},"uagb_featured_image_src":{"full":false,"thumbnail":false,"medium":false,"medium_large":false,"large":false,"1536x1536":false,"2048x2048":false,"trp-custom-language-flag":false},"uagb_author_info":{"display_name":"Norman Rodr\u00edguez","author_link":"https:\/\/coivamaritime.com\/en\/author\/norman\/"},"uagb_comment_info":0,"uagb_excerpt":"El servicio de manning de Co\u00edva Maritime Service ofrece a la provisi\u00f3n de personal mar\u00edtimo calificado y capacitado para tripular los buques de nuestros clientes en cualquier parte del mundo. En nuestro servicio de manning nos encargamos de reclutar, seleccionar, contratar y administrar la tripulaci\u00f3n necesaria para operar los buques de manera eficiente y segura.&hellip;","_links":{"self":[{"href":"https:\/\/coivamaritime.com\/en\/wp-json\/wp\/v2\/pages\/1918","targetHints":{"allow":["GET"]}}],"collection":[{"href":"https:\/\/coivamaritime.com\/en\/wp-json\/wp\/v2\/pages"}],"about":[{"href":"https:\/\/coivamaritime.com\/en\/wp-json\/wp\/v2\/types\/page"}],"author":[{"embeddable":true,"href":"https:\/\/coivamaritime.com\/en\/wp-json\/wp\/v2\/users\/2"}],"replies":[{"embeddable":true,"href":"https:\/\/coivamaritime.com\/en\/wp-json\/wp\/v2\/comments?post=1918"}],"version-history":[{"count":10,"href":"https:\/\/coivamaritime.com\/en\/wp-json\/wp\/v2\/pages\/1918\/revisions"}],"predecessor-version":[{"id":2286,"href":"https:\/\/coivamaritime.com\/en\/wp-json\/wp\/v2\/pages\/1918\/revisions\/2286"}],"wp:attachment":[{"href":"https:\/\/coivamaritime.com\/en\/wp-json\/wp\/v2\/media?parent=1918"}],"curies":[{"name":"wp","href":"https:\/\/api.w.org\/{rel}","templated":true}]}}