{"id":1914,"date":"2024-02-07T10:04:06","date_gmt":"2024-02-07T14:04:06","guid":{"rendered":"https:\/\/yws.pgq.temporary.site\/?page_id=1914"},"modified":"2024-03-04T14:35:46","modified_gmt":"2024-03-04T18:35:46","slug":"agenciamiento-maritimo","status":"publish","type":"page","link":"https:\/\/coivamaritime.com\/en\/agenciamiento-maritimo\/","title":{"rendered":"Maritime Agency"},"content":{"rendered":"<p>Our maritime agency service is essential for the management of shipowners and seafarers in the management of ships. We offer the maritime agency service to legally represent shipowners before the competent authorities and manage the requirements for the operation of vessels.<\/p>\n\n\n\n<div class=\"wp-block-uagb-image aligncenter uagb-block-56be4f40 wp-block-uagb-image--layout-default wp-block-uagb-image--effect-static wp-block-uagb-image--align-center\"><figure class=\"wp-block-uagb-image__figure\"><img decoding=\"async\" srcset=\"https:\/\/yws.pgq.temporary.site\/wp-content\/uploads\/2024\/02\/servicio-agenciamiento-maritimo.jpg ,https:\/\/yws.pgq.temporary.site\/wp-content\/uploads\/2024\/02\/servicio-agenciamiento-maritimo.jpg 780w, https:\/\/yws.pgq.temporary.site\/wp-content\/uploads\/2024\/02\/servicio-agenciamiento-maritimo.jpg 360w\" sizes=\"auto, (max-width: 480px) 150px\" src=\"https:\/\/yws.pgq.temporary.site\/wp-content\/uploads\/2024\/02\/servicio-agenciamiento-maritimo.jpg\" alt=\"Trabajadors de agencia naviera en puerto\" class=\"uag-image-2035\" width=\"1249\" height=\"317\" title=\"\" loading=\"lazy\"\/><\/figure><\/div>\n\n\n\n<p>The <strong>maritime agency<\/strong> of our company is in charge of the administrative procedures, custodian agent of <a href=\"https:\/\/es.wikipedia.org\/wiki\/Buque\" title=\"Definici\u00f3n de buque\">ship<\/a> and equipment, legalization and updating of documents and commercial procedures.<\/p>\n\n\n\n<p>The <em>maritime agency<\/em> It is one of the main services we offer as a shipping agency. We act as local representatives of shipowners, operators, or shipping companies. We serve as intermediaries between the ship and the port authorities, as well as between the ship and the various service providers that may be necessary during the ship's port call.<\/p>\n\n\n\n<div class=\"wp-block-uagb-advanced-heading uagb-block-4ed309c5\"><h4 class=\"uagb-heading-text\">In our shipping agency we cover areas such as<\/h4><\/div>\n\n\n\n<p><strong>Operational coordination:<\/strong> We manage and coordinate all activities related to the reception and dispatch of ships, complying with the provisions of maritime laws and their regulations.<\/p>\n\n\n\n<p><strong>Administrative transactions:<\/strong> We take care of the preparation and presentation of the necessary documentation for the entry and exit of the ship in the port, including the processing of permits, certificates, cargo manifests, and various declarations.<\/p>\n\n\n\n<p><strong>Ship and crew care services:<\/strong> We provide assistance and support services to the ship's crew, such as medical assistance, land, lake, and air transportation services, accommodation reservations, and all the logistics necessary for the embarkation and disembarkation of the crew members.<\/p>\n\n\n\n<p><strong>Communication and coordination:<\/strong> We act as a local point of contact between the shipowner or shipping company and the port authorities, service providers, and other agents involved in the operation of the vessel in the port. <\/p>\n\n\n\n<p>The maritime agency of our shipping agency involves providing a wide range of services and assistance to facilitate vessel operations in ports, ensuring that all activities are carried out efficiently, safely and in accordance with local and international regulations.<\/p>\n\n\n\n<p>Contact us today through our form on the <a href=\"https:\/\/yws.pgq.temporary.site\/contactenos\/\" title=\"Contact Us\">contact page<\/a> or by calling us at our telephone numbers.<\/p>","protected":false},"excerpt":{"rendered":"<p>Nuestro servicio de agenciamiento mar\u00edtimo es fundamental para la gesti\u00f3n de los armadores y gente de mar en la gesti\u00f3n de buques. Nosotros ofrecemos el servicio de agenciamiento mar\u00edtimo para representar legalmente a los armadores ante las autoridades competentes y gestionar los requisitos para la operaci\u00f3n de los buques. El agenciamiento mar\u00edtimo de nuestra empresa [&hellip;]<\/p>","protected":false},"author":2,"featured_media":0,"parent":0,"menu_order":0,"comment_status":"closed","ping_status":"closed","template":"","meta":{"_uag_custom_page_level_css":"","_joinchat":[],"footnotes":""},"class_list":["post-1914","page","type-page","status-publish","hentry"],"blocksy_meta":[],"aioseo_notices":[],"yoast_head":"<!-- This site is optimized with the Yoast SEO plugin v26.9 - https:\/\/yoast.com\/product\/yoast-seo-wordpress\/ -->\n<title>Agenciamiento Mar\u00edtimo - Co\u00edva Maritime Service<\/title>\n<meta name=\"robots\" content=\"index, follow, max-snippet:-1, max-image-preview:large, max-video-preview:-1\" \/>\n<link rel=\"canonical\" href=\"https:\/\/www.coivamaritime.com\/agenciamiento-maritimo\/\" \/>\n<meta property=\"og:locale\" content=\"en_US\" \/>\n<meta property=\"og:type\" content=\"article\" \/>\n<meta property=\"og:title\" content=\"Agenciamiento Mar\u00edtimo - Co\u00edva Maritime Service\" \/>\n<meta property=\"og:description\" content=\"Nuestro servicio de agenciamiento mar\u00edtimo es fundamental para la gesti\u00f3n de los armadores y gente de mar en la gesti\u00f3n de buques. Nosotros ofrecemos el servicio de agenciamiento mar\u00edtimo para representar legalmente a los armadores ante las autoridades competentes y gestionar los requisitos para la operaci\u00f3n de los buques. El agenciamiento mar\u00edtimo de nuestra empresa [&hellip;]\" \/>\n<meta property=\"og:url\" content=\"https:\/\/www.coivamaritime.com\/agenciamiento-maritimo\/\" \/>\n<meta property=\"og:site_name\" content=\"Co\u00edva Maritime Service\" \/>\n<meta property=\"article:modified_time\" content=\"2024-03-04T18:35:46+00:00\" \/>\n<meta property=\"og:image\" content=\"https:\/\/yws.pgq.temporary.site\/wp-content\/uploads\/2024\/02\/servicio-agenciamiento-maritimo.jpg\" \/>\n<meta name=\"twitter:card\" content=\"summary_large_image\" \/>\n<meta name=\"twitter:label1\" content=\"Est. reading time\" \/>\n\t<meta name=\"twitter:data1\" content=\"2 minutes\" \/>\n<script type=\"application\/ld+json\" class=\"yoast-schema-graph\">{\"@context\":\"https:\/\/schema.org\",\"@graph\":[{\"@type\":\"WebPage\",\"@id\":\"https:\/\/www.coivamaritime.com\/agenciamiento-maritimo\/\",\"url\":\"https:\/\/www.coivamaritime.com\/agenciamiento-maritimo\/\",\"name\":\"Agenciamiento Mar\u00edtimo - Co\u00edva Maritime Service\",\"isPartOf\":{\"@id\":\"https:\/\/www.coivamaritime.com\/#website\"},\"primaryImageOfPage\":{\"@id\":\"https:\/\/www.coivamaritime.com\/agenciamiento-maritimo\/#primaryimage\"},\"image\":{\"@id\":\"https:\/\/www.coivamaritime.com\/agenciamiento-maritimo\/#primaryimage\"},\"thumbnailUrl\":\"https:\/\/yws.pgq.temporary.site\/wp-content\/uploads\/2024\/02\/servicio-agenciamiento-maritimo.jpg\",\"datePublished\":\"2024-02-07T14:04:06+00:00\",\"dateModified\":\"2024-03-04T18:35:46+00:00\",\"breadcrumb\":{\"@id\":\"https:\/\/www.coivamaritime.com\/agenciamiento-maritimo\/#breadcrumb\"},\"inLanguage\":\"en-US\",\"potentialAction\":[{\"@type\":\"ReadAction\",\"target\":[\"https:\/\/www.coivamaritime.com\/agenciamiento-maritimo\/\"]}]},{\"@type\":\"ImageObject\",\"inLanguage\":\"en-US\",\"@id\":\"https:\/\/www.coivamaritime.com\/agenciamiento-maritimo\/#primaryimage\",\"url\":\"https:\/\/yws.pgq.temporary.site\/wp-content\/uploads\/2024\/02\/servicio-agenciamiento-maritimo.jpg\",\"contentUrl\":\"https:\/\/yws.pgq.temporary.site\/wp-content\/uploads\/2024\/02\/servicio-agenciamiento-maritimo.jpg\"},{\"@type\":\"BreadcrumbList\",\"@id\":\"https:\/\/www.coivamaritime.com\/agenciamiento-maritimo\/#breadcrumb\",\"itemListElement\":[{\"@type\":\"ListItem\",\"position\":1,\"name\":\"Portada\",\"item\":\"https:\/\/www.coivamaritime.com\/\"},{\"@type\":\"ListItem\",\"position\":2,\"name\":\"Agenciamiento Mar\u00edtimo\"}]},{\"@type\":\"WebSite\",\"@id\":\"https:\/\/www.coivamaritime.com\/#website\",\"url\":\"https:\/\/www.coivamaritime.com\/\",\"name\":\"Co\u00edva Maritime Service\",\"description\":\"Empresa Tramitadora de Documentaci\u00f3n T\u00e9cnica para Gente de Mar\",\"publisher\":{\"@id\":\"https:\/\/www.coivamaritime.com\/#organization\"},\"potentialAction\":[{\"@type\":\"SearchAction\",\"target\":{\"@type\":\"EntryPoint\",\"urlTemplate\":\"https:\/\/www.coivamaritime.com\/?s={search_term_string}\"},\"query-input\":{\"@type\":\"PropertyValueSpecification\",\"valueRequired\":true,\"valueName\":\"search_term_string\"}}],\"inLanguage\":\"en-US\"},{\"@type\":\"Organization\",\"@id\":\"https:\/\/www.coivamaritime.com\/#organization\",\"name\":\"Co\u00edva Maritime Service\",\"url\":\"https:\/\/www.coivamaritime.com\/\",\"logo\":{\"@type\":\"ImageObject\",\"inLanguage\":\"en-US\",\"@id\":\"https:\/\/www.coivamaritime.com\/#\/schema\/logo\/image\/\",\"url\":\"https:\/\/coivamaritime.com\/wp-content\/uploads\/2024\/02\/logo-coiva.png\",\"contentUrl\":\"https:\/\/coivamaritime.com\/wp-content\/uploads\/2024\/02\/logo-coiva.png\",\"width\":659,\"height\":241,\"caption\":\"Co\u00edva Maritime Service\"},\"image\":{\"@id\":\"https:\/\/www.coivamaritime.com\/#\/schema\/logo\/image\/\"}}]}<\/script>\n<!-- \/ Yoast SEO plugin. -->","yoast_head_json":{"title":"Agenciamiento Mar\u00edtimo - Co\u00edva Maritime Service","robots":{"index":"index","follow":"follow","max-snippet":"max-snippet:-1","max-image-preview":"max-image-preview:large","max-video-preview":"max-video-preview:-1"},"canonical":"https:\/\/www.coivamaritime.com\/agenciamiento-maritimo\/","og_locale":"en_US","og_type":"article","og_title":"Agenciamiento Mar\u00edtimo - Co\u00edva Maritime Service","og_description":"Nuestro servicio de agenciamiento mar\u00edtimo es fundamental para la gesti\u00f3n de los armadores y gente de mar en la gesti\u00f3n de buques. Nosotros ofrecemos el servicio de agenciamiento mar\u00edtimo para representar legalmente a los armadores ante las autoridades competentes y gestionar los requisitos para la operaci\u00f3n de los buques. El agenciamiento mar\u00edtimo de nuestra empresa [&hellip;]","og_url":"https:\/\/www.coivamaritime.com\/agenciamiento-maritimo\/","og_site_name":"Co\u00edva Maritime Service","article_modified_time":"2024-03-04T18:35:46+00:00","og_image":[{"url":"https:\/\/yws.pgq.temporary.site\/wp-content\/uploads\/2024\/02\/servicio-agenciamiento-maritimo.jpg","type":"","width":"","height":""}],"twitter_card":"summary_large_image","twitter_misc":{"Est. reading time":"2 minutes"},"schema":{"@context":"https:\/\/schema.org","@graph":[{"@type":"WebPage","@id":"https:\/\/www.coivamaritime.com\/agenciamiento-maritimo\/","url":"https:\/\/www.coivamaritime.com\/agenciamiento-maritimo\/","name":"Agenciamiento Mar\u00edtimo - Co\u00edva Maritime Service","isPartOf":{"@id":"https:\/\/www.coivamaritime.com\/#website"},"primaryImageOfPage":{"@id":"https:\/\/www.coivamaritime.com\/agenciamiento-maritimo\/#primaryimage"},"image":{"@id":"https:\/\/www.coivamaritime.com\/agenciamiento-maritimo\/#primaryimage"},"thumbnailUrl":"https:\/\/yws.pgq.temporary.site\/wp-content\/uploads\/2024\/02\/servicio-agenciamiento-maritimo.jpg","datePublished":"2024-02-07T14:04:06+00:00","dateModified":"2024-03-04T18:35:46+00:00","breadcrumb":{"@id":"https:\/\/www.coivamaritime.com\/agenciamiento-maritimo\/#breadcrumb"},"inLanguage":"en-US","potentialAction":[{"@type":"ReadAction","target":["https:\/\/www.coivamaritime.com\/agenciamiento-maritimo\/"]}]},{"@type":"ImageObject","inLanguage":"en-US","@id":"https:\/\/www.coivamaritime.com\/agenciamiento-maritimo\/#primaryimage","url":"https:\/\/yws.pgq.temporary.site\/wp-content\/uploads\/2024\/02\/servicio-agenciamiento-maritimo.jpg","contentUrl":"https:\/\/yws.pgq.temporary.site\/wp-content\/uploads\/2024\/02\/servicio-agenciamiento-maritimo.jpg"},{"@type":"BreadcrumbList","@id":"https:\/\/www.coivamaritime.com\/agenciamiento-maritimo\/#breadcrumb","itemListElement":[{"@type":"ListItem","position":1,"name":"Portada","item":"https:\/\/www.coivamaritime.com\/"},{"@type":"ListItem","position":2,"name":"Agenciamiento Mar\u00edtimo"}]},{"@type":"WebSite","@id":"https:\/\/www.coivamaritime.com\/#website","url":"https:\/\/www.coivamaritime.com\/","name":"Co\u00edva Maritime Service","description":"Empresa Tramitadora de Documentaci\u00f3n T\u00e9cnica para Gente de Mar","publisher":{"@id":"https:\/\/www.coivamaritime.com\/#organization"},"potentialAction":[{"@type":"SearchAction","target":{"@type":"EntryPoint","urlTemplate":"https:\/\/www.coivamaritime.com\/?s={search_term_string}"},"query-input":{"@type":"PropertyValueSpecification","valueRequired":true,"valueName":"search_term_string"}}],"inLanguage":"en-US"},{"@type":"Organization","@id":"https:\/\/www.coivamaritime.com\/#organization","name":"Co\u00edva Maritime Service","url":"https:\/\/www.coivamaritime.com\/","logo":{"@type":"ImageObject","inLanguage":"en-US","@id":"https:\/\/www.coivamaritime.com\/#\/schema\/logo\/image\/","url":"https:\/\/coivamaritime.com\/wp-content\/uploads\/2024\/02\/logo-coiva.png","contentUrl":"https:\/\/coivamaritime.com\/wp-content\/uploads\/2024\/02\/logo-coiva.png","width":659,"height":241,"caption":"Co\u00edva Maritime Service"},"image":{"@id":"https:\/\/www.coivamaritime.com\/#\/schema\/logo\/image\/"}}]}},"uagb_featured_image_src":{"full":false,"thumbnail":false,"medium":false,"medium_large":false,"large":false,"1536x1536":false,"2048x2048":false,"trp-custom-language-flag":false},"uagb_author_info":{"display_name":"Norman Rodr\u00edguez","author_link":"https:\/\/coivamaritime.com\/en\/author\/norman\/"},"uagb_comment_info":0,"uagb_excerpt":"Nuestro servicio de agenciamiento mar\u00edtimo es fundamental para la gesti\u00f3n de los armadores y gente de mar en la gesti\u00f3n de buques. Nosotros ofrecemos el servicio de agenciamiento mar\u00edtimo para representar legalmente a los armadores ante las autoridades competentes y gestionar los requisitos para la operaci\u00f3n de los buques. El agenciamiento mar\u00edtimo de nuestra empresa&hellip;","_links":{"self":[{"href":"https:\/\/coivamaritime.com\/en\/wp-json\/wp\/v2\/pages\/1914","targetHints":{"allow":["GET"]}}],"collection":[{"href":"https:\/\/coivamaritime.com\/en\/wp-json\/wp\/v2\/pages"}],"about":[{"href":"https:\/\/coivamaritime.com\/en\/wp-json\/wp\/v2\/types\/page"}],"author":[{"embeddable":true,"href":"https:\/\/coivamaritime.com\/en\/wp-json\/wp\/v2\/users\/2"}],"replies":[{"embeddable":true,"href":"https:\/\/coivamaritime.com\/en\/wp-json\/wp\/v2\/comments?post=1914"}],"version-history":[{"count":10,"href":"https:\/\/coivamaritime.com\/en\/wp-json\/wp\/v2\/pages\/1914\/revisions"}],"predecessor-version":[{"id":2279,"href":"https:\/\/coivamaritime.com\/en\/wp-json\/wp\/v2\/pages\/1914\/revisions\/2279"}],"wp:attachment":[{"href":"https:\/\/coivamaritime.com\/en\/wp-json\/wp\/v2\/media?parent=1914"}],"curies":[{"name":"wp","href":"https:\/\/api.w.org\/{rel}","templated":true}]}}