{"id":1912,"date":"2024-02-07T10:03:12","date_gmt":"2024-02-07T14:03:12","guid":{"rendered":"https:\/\/yws.pgq.temporary.site\/?page_id=1912"},"modified":"2024-03-04T14:38:24","modified_gmt":"2024-03-04T18:38:24","slug":"consultoria-maritima","status":"publish","type":"page","link":"https:\/\/coivamaritime.com\/en\/consultoria-maritima\/","title":{"rendered":"Maritime Consulting"},"content":{"rendered":"<p>We offer a wide range of maritime consulting services, including <a href=\"https:\/\/yws.pgq.temporary.site\/gestion-de-documentacion-maritima\/\" title=\"Maritime Documentation Management\">advice on procedures<\/a> and processes on documentation, updating, and standards.<\/p>\n\n\n\n<p>With our maritime consulting service, through our team of expert professionals, we identify points for improvement in the processes of shipping companies, ships and shipowners.<\/p>\n\n\n\n<div class=\"wp-block-uagb-image uagb-block-2430cd32 wp-block-uagb-image--layout-default wp-block-uagb-image--effect-static wp-block-uagb-image--align-none\"><figure class=\"wp-block-uagb-image__figure\"><img decoding=\"async\" srcset=\"https:\/\/yws.pgq.temporary.site\/wp-content\/uploads\/2024\/02\/consultoria-maritima-servicio.jpg ,https:\/\/yws.pgq.temporary.site\/wp-content\/uploads\/2024\/02\/consultoria-maritima-servicio.jpg 780w, https:\/\/yws.pgq.temporary.site\/wp-content\/uploads\/2024\/02\/consultoria-maritima-servicio.jpg 360w\" sizes=\"auto, (max-width: 480px) 150px\" src=\"https:\/\/yws.pgq.temporary.site\/wp-content\/uploads\/2024\/02\/consultoria-maritima-servicio.jpg\" alt=\"operador portuario con radio\" class=\"uag-image-2046\" width=\"1249\" height=\"317\" title=\"\" loading=\"lazy\"\/><\/figure><\/div>\n\n\n\n<p>As a shipping agency, we offer maritime consulting service through the experience and specialized knowledge of our staff in various aspects related to the maritime industry. <\/p>\n\n\n\n<div class=\"wp-block-uagb-advanced-heading uagb-block-ec39d168\"><h4 class=\"uagb-heading-text\">Through our maritime consulting, we offer solutions in:<\/h4><\/div>\n\n\n\n<p><strong>Advice on logistics and maritime transport:<\/strong> We advise our clients on the best practices in logistics and maritime transport, helping them optimize their operations and find efficient solutions for the transport of their goods.<\/p>\n\n\n\n<p><strong>Route and cost analysis:<\/strong> We perform detailed analyses of ocean transportation routes, considering factors such as distance, transit times, freight costs, and costs associated with origin and destination ports, to help our clients make informed decisions about their operations.<\/p>\n\n\n\n<p><strong>Risk management and regulatory compliance:<\/strong> We offer advice on risk management in maritime operations, including aspects related to safety, environmental protection, compliance with international and local regulations, and mitigation of operational and financial risks.<\/p>\n\n\n\n<p><strong>Technical and operational advice:<\/strong> We offer technical and operational advice on various aspects of the operation of ships and maritime terminals, including cargo management, ship maintenance, maritime security, and human resources management, among others.<\/p>\n\n\n\n<p><strong>Market research and trend analysis:<\/strong> We conduct market research and trend analysis in the maritime industry to help our clients understand the competitive landscape, identify business opportunities and anticipate changes in the market that may affect their operations.<\/p>\n\n\n\n<p>We offer maritime consultancy by providing specialist advice and tailored services to help our clients meet challenges and seize opportunities in the field of maritime transport and logistics.<\/p>\n\n\n\n<p>The <a href=\"https:\/\/es.wikipedia.org\/wiki\/Empresa_naviera\" title=\"Empresa Naviera\">shipping company<\/a> manage to optimize their processes and resources through our maritime consulting service. Furthermore, with our advice on legal procedures and documentation, they prevent possible sanctions and setbacks.<\/p>\n\n\n\n<p>By receiving our maritime consulting, shipping companies can focus on the essential activity of their company, managing to further concentrate their efforts on the priority objectives of their business.<\/p>","protected":false},"excerpt":{"rendered":"<p>Ofrecemos una amplia gama de servicios de consultor\u00eda mar\u00edtima, incluyendo asesor\u00eda en tr\u00e1mites y procesos sobre documentaci\u00f3n, actualizaci\u00f3n y normas. Con nuestro servicio de consultor\u00eda mar\u00edtima mediante nuestro equipo de profesionales expertos identificamos los puntos de mejora en los procesos de las empresas navieras, buques y armadores. Como agencia naviera ofrecemos el servicio de consultor\u00eda [&hellip;]<\/p>","protected":false},"author":2,"featured_media":0,"parent":0,"menu_order":0,"comment_status":"closed","ping_status":"closed","template":"","meta":{"_uag_custom_page_level_css":"","_joinchat":[],"footnotes":""},"class_list":["post-1912","page","type-page","status-publish","hentry"],"blocksy_meta":[],"aioseo_notices":[],"yoast_head":"<!-- This site is optimized with the Yoast SEO plugin v26.9 - https:\/\/yoast.com\/product\/yoast-seo-wordpress\/ -->\n<title>Consultor\u00eda Mar\u00edtima - Co\u00edva Maritime Service<\/title>\n<meta name=\"robots\" content=\"index, follow, max-snippet:-1, max-image-preview:large, max-video-preview:-1\" \/>\n<link rel=\"canonical\" href=\"https:\/\/www.coivamaritime.com\/consultoria-maritima\/\" \/>\n<meta property=\"og:locale\" content=\"en_US\" \/>\n<meta property=\"og:type\" content=\"article\" \/>\n<meta property=\"og:title\" content=\"Consultor\u00eda Mar\u00edtima - Co\u00edva Maritime Service\" \/>\n<meta property=\"og:description\" content=\"Ofrecemos una amplia gama de servicios de consultor\u00eda mar\u00edtima, incluyendo asesor\u00eda en tr\u00e1mites y procesos sobre documentaci\u00f3n, actualizaci\u00f3n y normas. Con nuestro servicio de consultor\u00eda mar\u00edtima mediante nuestro equipo de profesionales expertos identificamos los puntos de mejora en los procesos de las empresas navieras, buques y armadores. Como agencia naviera ofrecemos el servicio de consultor\u00eda [&hellip;]\" \/>\n<meta property=\"og:url\" content=\"https:\/\/www.coivamaritime.com\/consultoria-maritima\/\" \/>\n<meta property=\"og:site_name\" content=\"Co\u00edva Maritime Service\" \/>\n<meta property=\"article:modified_time\" content=\"2024-03-04T18:38:24+00:00\" \/>\n<meta property=\"og:image\" content=\"https:\/\/yws.pgq.temporary.site\/wp-content\/uploads\/2024\/02\/consultoria-maritima-servicio.jpg\" \/>\n<meta name=\"twitter:card\" content=\"summary_large_image\" \/>\n<meta name=\"twitter:label1\" content=\"Est. reading time\" \/>\n\t<meta name=\"twitter:data1\" content=\"2 minutes\" \/>\n<script type=\"application\/ld+json\" class=\"yoast-schema-graph\">{\"@context\":\"https:\/\/schema.org\",\"@graph\":[{\"@type\":\"WebPage\",\"@id\":\"https:\/\/www.coivamaritime.com\/consultoria-maritima\/\",\"url\":\"https:\/\/www.coivamaritime.com\/consultoria-maritima\/\",\"name\":\"Consultor\u00eda Mar\u00edtima - Co\u00edva Maritime Service\",\"isPartOf\":{\"@id\":\"https:\/\/www.coivamaritime.com\/#website\"},\"primaryImageOfPage\":{\"@id\":\"https:\/\/www.coivamaritime.com\/consultoria-maritima\/#primaryimage\"},\"image\":{\"@id\":\"https:\/\/www.coivamaritime.com\/consultoria-maritima\/#primaryimage\"},\"thumbnailUrl\":\"https:\/\/yws.pgq.temporary.site\/wp-content\/uploads\/2024\/02\/consultoria-maritima-servicio.jpg\",\"datePublished\":\"2024-02-07T14:03:12+00:00\",\"dateModified\":\"2024-03-04T18:38:24+00:00\",\"breadcrumb\":{\"@id\":\"https:\/\/www.coivamaritime.com\/consultoria-maritima\/#breadcrumb\"},\"inLanguage\":\"en-US\",\"potentialAction\":[{\"@type\":\"ReadAction\",\"target\":[\"https:\/\/www.coivamaritime.com\/consultoria-maritima\/\"]}]},{\"@type\":\"ImageObject\",\"inLanguage\":\"en-US\",\"@id\":\"https:\/\/www.coivamaritime.com\/consultoria-maritima\/#primaryimage\",\"url\":\"https:\/\/yws.pgq.temporary.site\/wp-content\/uploads\/2024\/02\/consultoria-maritima-servicio.jpg\",\"contentUrl\":\"https:\/\/yws.pgq.temporary.site\/wp-content\/uploads\/2024\/02\/consultoria-maritima-servicio.jpg\"},{\"@type\":\"BreadcrumbList\",\"@id\":\"https:\/\/www.coivamaritime.com\/consultoria-maritima\/#breadcrumb\",\"itemListElement\":[{\"@type\":\"ListItem\",\"position\":1,\"name\":\"Portada\",\"item\":\"https:\/\/www.coivamaritime.com\/\"},{\"@type\":\"ListItem\",\"position\":2,\"name\":\"Consultor\u00eda Mar\u00edtima\"}]},{\"@type\":\"WebSite\",\"@id\":\"https:\/\/www.coivamaritime.com\/#website\",\"url\":\"https:\/\/www.coivamaritime.com\/\",\"name\":\"Co\u00edva Maritime Service\",\"description\":\"Empresa Tramitadora de Documentaci\u00f3n T\u00e9cnica para Gente de Mar\",\"publisher\":{\"@id\":\"https:\/\/www.coivamaritime.com\/#organization\"},\"potentialAction\":[{\"@type\":\"SearchAction\",\"target\":{\"@type\":\"EntryPoint\",\"urlTemplate\":\"https:\/\/www.coivamaritime.com\/?s={search_term_string}\"},\"query-input\":{\"@type\":\"PropertyValueSpecification\",\"valueRequired\":true,\"valueName\":\"search_term_string\"}}],\"inLanguage\":\"en-US\"},{\"@type\":\"Organization\",\"@id\":\"https:\/\/www.coivamaritime.com\/#organization\",\"name\":\"Co\u00edva Maritime Service\",\"url\":\"https:\/\/www.coivamaritime.com\/\",\"logo\":{\"@type\":\"ImageObject\",\"inLanguage\":\"en-US\",\"@id\":\"https:\/\/www.coivamaritime.com\/#\/schema\/logo\/image\/\",\"url\":\"https:\/\/coivamaritime.com\/wp-content\/uploads\/2024\/02\/logo-coiva.png\",\"contentUrl\":\"https:\/\/coivamaritime.com\/wp-content\/uploads\/2024\/02\/logo-coiva.png\",\"width\":659,\"height\":241,\"caption\":\"Co\u00edva Maritime Service\"},\"image\":{\"@id\":\"https:\/\/www.coivamaritime.com\/#\/schema\/logo\/image\/\"}}]}<\/script>\n<!-- \/ Yoast SEO plugin. -->","yoast_head_json":{"title":"Consultor\u00eda Mar\u00edtima - Co\u00edva Maritime Service","robots":{"index":"index","follow":"follow","max-snippet":"max-snippet:-1","max-image-preview":"max-image-preview:large","max-video-preview":"max-video-preview:-1"},"canonical":"https:\/\/www.coivamaritime.com\/consultoria-maritima\/","og_locale":"en_US","og_type":"article","og_title":"Consultor\u00eda Mar\u00edtima - Co\u00edva Maritime Service","og_description":"Ofrecemos una amplia gama de servicios de consultor\u00eda mar\u00edtima, incluyendo asesor\u00eda en tr\u00e1mites y procesos sobre documentaci\u00f3n, actualizaci\u00f3n y normas. Con nuestro servicio de consultor\u00eda mar\u00edtima mediante nuestro equipo de profesionales expertos identificamos los puntos de mejora en los procesos de las empresas navieras, buques y armadores. Como agencia naviera ofrecemos el servicio de consultor\u00eda [&hellip;]","og_url":"https:\/\/www.coivamaritime.com\/consultoria-maritima\/","og_site_name":"Co\u00edva Maritime Service","article_modified_time":"2024-03-04T18:38:24+00:00","og_image":[{"url":"https:\/\/yws.pgq.temporary.site\/wp-content\/uploads\/2024\/02\/consultoria-maritima-servicio.jpg","type":"","width":"","height":""}],"twitter_card":"summary_large_image","twitter_misc":{"Est. reading time":"2 minutes"},"schema":{"@context":"https:\/\/schema.org","@graph":[{"@type":"WebPage","@id":"https:\/\/www.coivamaritime.com\/consultoria-maritima\/","url":"https:\/\/www.coivamaritime.com\/consultoria-maritima\/","name":"Consultor\u00eda Mar\u00edtima - Co\u00edva Maritime Service","isPartOf":{"@id":"https:\/\/www.coivamaritime.com\/#website"},"primaryImageOfPage":{"@id":"https:\/\/www.coivamaritime.com\/consultoria-maritima\/#primaryimage"},"image":{"@id":"https:\/\/www.coivamaritime.com\/consultoria-maritima\/#primaryimage"},"thumbnailUrl":"https:\/\/yws.pgq.temporary.site\/wp-content\/uploads\/2024\/02\/consultoria-maritima-servicio.jpg","datePublished":"2024-02-07T14:03:12+00:00","dateModified":"2024-03-04T18:38:24+00:00","breadcrumb":{"@id":"https:\/\/www.coivamaritime.com\/consultoria-maritima\/#breadcrumb"},"inLanguage":"en-US","potentialAction":[{"@type":"ReadAction","target":["https:\/\/www.coivamaritime.com\/consultoria-maritima\/"]}]},{"@type":"ImageObject","inLanguage":"en-US","@id":"https:\/\/www.coivamaritime.com\/consultoria-maritima\/#primaryimage","url":"https:\/\/yws.pgq.temporary.site\/wp-content\/uploads\/2024\/02\/consultoria-maritima-servicio.jpg","contentUrl":"https:\/\/yws.pgq.temporary.site\/wp-content\/uploads\/2024\/02\/consultoria-maritima-servicio.jpg"},{"@type":"BreadcrumbList","@id":"https:\/\/www.coivamaritime.com\/consultoria-maritima\/#breadcrumb","itemListElement":[{"@type":"ListItem","position":1,"name":"Portada","item":"https:\/\/www.coivamaritime.com\/"},{"@type":"ListItem","position":2,"name":"Consultor\u00eda Mar\u00edtima"}]},{"@type":"WebSite","@id":"https:\/\/www.coivamaritime.com\/#website","url":"https:\/\/www.coivamaritime.com\/","name":"Co\u00edva Maritime Service","description":"Empresa Tramitadora de Documentaci\u00f3n T\u00e9cnica para Gente de Mar","publisher":{"@id":"https:\/\/www.coivamaritime.com\/#organization"},"potentialAction":[{"@type":"SearchAction","target":{"@type":"EntryPoint","urlTemplate":"https:\/\/www.coivamaritime.com\/?s={search_term_string}"},"query-input":{"@type":"PropertyValueSpecification","valueRequired":true,"valueName":"search_term_string"}}],"inLanguage":"en-US"},{"@type":"Organization","@id":"https:\/\/www.coivamaritime.com\/#organization","name":"Co\u00edva Maritime Service","url":"https:\/\/www.coivamaritime.com\/","logo":{"@type":"ImageObject","inLanguage":"en-US","@id":"https:\/\/www.coivamaritime.com\/#\/schema\/logo\/image\/","url":"https:\/\/coivamaritime.com\/wp-content\/uploads\/2024\/02\/logo-coiva.png","contentUrl":"https:\/\/coivamaritime.com\/wp-content\/uploads\/2024\/02\/logo-coiva.png","width":659,"height":241,"caption":"Co\u00edva Maritime Service"},"image":{"@id":"https:\/\/www.coivamaritime.com\/#\/schema\/logo\/image\/"}}]}},"uagb_featured_image_src":{"full":false,"thumbnail":false,"medium":false,"medium_large":false,"large":false,"1536x1536":false,"2048x2048":false,"trp-custom-language-flag":false},"uagb_author_info":{"display_name":"Norman Rodr\u00edguez","author_link":"https:\/\/coivamaritime.com\/en\/author\/norman\/"},"uagb_comment_info":0,"uagb_excerpt":"Ofrecemos una amplia gama de servicios de consultor\u00eda mar\u00edtima, incluyendo asesor\u00eda en tr\u00e1mites y procesos sobre documentaci\u00f3n, actualizaci\u00f3n y normas. Con nuestro servicio de consultor\u00eda mar\u00edtima mediante nuestro equipo de profesionales expertos identificamos los puntos de mejora en los procesos de las empresas navieras, buques y armadores. Como agencia naviera ofrecemos el servicio de consultor\u00eda&hellip;","_links":{"self":[{"href":"https:\/\/coivamaritime.com\/en\/wp-json\/wp\/v2\/pages\/1912","targetHints":{"allow":["GET"]}}],"collection":[{"href":"https:\/\/coivamaritime.com\/en\/wp-json\/wp\/v2\/pages"}],"about":[{"href":"https:\/\/coivamaritime.com\/en\/wp-json\/wp\/v2\/types\/page"}],"author":[{"embeddable":true,"href":"https:\/\/coivamaritime.com\/en\/wp-json\/wp\/v2\/users\/2"}],"replies":[{"embeddable":true,"href":"https:\/\/coivamaritime.com\/en\/wp-json\/wp\/v2\/comments?post=1912"}],"version-history":[{"count":7,"href":"https:\/\/coivamaritime.com\/en\/wp-json\/wp\/v2\/pages\/1912\/revisions"}],"predecessor-version":[{"id":2281,"href":"https:\/\/coivamaritime.com\/en\/wp-json\/wp\/v2\/pages\/1912\/revisions\/2281"}],"wp:attachment":[{"href":"https:\/\/coivamaritime.com\/en\/wp-json\/wp\/v2\/media?parent=1912"}],"curies":[{"name":"wp","href":"https:\/\/api.w.org\/{rel}","templated":true}]}}